{"id":26,"date":"2021-05-25T10:14:21","date_gmt":"2021-05-25T10:14:21","guid":{"rendered":"https:\/\/vladicamikicevic.dekodeus.com\/?page_id=26"},"modified":"2023-06-02T21:06:43","modified_gmt":"2023-06-02T21:06:43","slug":"biography","status":"publish","type":"page","link":"https:\/\/vladicamikicevic.com\/?page_id=26","title":{"rendered":"Biography"},"content":{"rendered":"\t\t<div data-elementor-type=\"wp-page\" data-elementor-id=\"26\" class=\"elementor elementor-26\">\n\t\t\t\t\t\t<section class=\"elementor-section elementor-top-section elementor-element elementor-element-4140cb6 elementor-section-boxed elementor-section-height-default elementor-section-height-default\" data-id=\"4140cb6\" data-element_type=\"section\" data-settings=\"{&quot;background_background&quot;:&quot;classic&quot;}\">\n\t\t\t\t\t\t<div class=\"elementor-container elementor-column-gap-no\">\n\t\t\t\t\t<div class=\"elementor-column elementor-col-100 elementor-top-column elementor-element elementor-element-9500cc8\" data-id=\"9500cc8\" data-element_type=\"column\">\n\t\t\t<div class=\"elementor-widget-wrap elementor-element-populated\">\n\t\t\t\t\t\t<div class=\"elementor-element elementor-element-de70661 elementor-widget-divider--view-line elementor-widget elementor-widget-divider\" data-id=\"de70661\" data-element_type=\"widget\" data-widget_type=\"divider.default\">\n\t\t\t\t<div class=\"elementor-widget-container\">\n\t\t\t\t\t\t\t<div class=\"elementor-divider\">\n\t\t\t<span class=\"elementor-divider-separator\">\n\t\t\t\t\t\t<\/span>\n\t\t<\/div>\n\t\t\t\t\t\t<\/div>\n\t\t\t\t<\/div>\n\t\t\t\t<div class=\"elementor-element elementor-element-6ef2b04 elementor-widget elementor-widget-heading\" data-id=\"6ef2b04\" data-element_type=\"widget\" data-widget_type=\"heading.default\">\n\t\t\t\t<div class=\"elementor-widget-container\">\n\t\t\t\t\t<h1 class=\"elementor-heading-title elementor-size-default\">Biography<\/h1>\t\t\t\t<\/div>\n\t\t\t\t<\/div>\n\t\t\t\t<div class=\"elementor-element elementor-element-75331bd elementor-widget elementor-widget-image\" data-id=\"75331bd\" data-element_type=\"widget\" data-widget_type=\"image.default\">\n\t\t\t\t<div class=\"elementor-widget-container\">\n\t\t\t\t\t\t\t\t\t\t\t\t\t\t\t<img fetchpriority=\"high\" decoding=\"async\" width=\"600\" height=\"863\" src=\"https:\/\/vladicamikicevic.com\/wp-content\/uploads\/2023\/03\/Vladica-26.png\" class=\"attachment-full size-full wp-image-815\" alt=\"\" srcset=\"https:\/\/vladicamikicevic.com\/wp-content\/uploads\/2023\/03\/Vladica-26.png 600w, https:\/\/vladicamikicevic.com\/wp-content\/uploads\/2023\/03\/Vladica-26-209x300.png 209w\" sizes=\"(max-width: 600px) 100vw, 600px\" \/>\t\t\t\t\t\t\t\t\t\t\t\t\t\t\t<\/div>\n\t\t\t\t<\/div>\n\t\t\t\t<div class=\"elementor-element elementor-element-e4a4816 elementor-widget elementor-widget-heading\" data-id=\"e4a4816\" data-element_type=\"widget\" data-widget_type=\"heading.default\">\n\t\t\t\t<div class=\"elementor-widget-container\">\n\t\t\t\t\t<h3 class=\"elementor-heading-title elementor-size-default\">Vladica Miki\u0107evi\u0107<\/h3>\t\t\t\t<\/div>\n\t\t\t\t<\/div>\n\t\t\t\t<div class=\"elementor-element elementor-element-084b92c elementor-widget elementor-widget-heading\" data-id=\"084b92c\" data-element_type=\"widget\" data-widget_type=\"heading.default\">\n\t\t\t\t<div class=\"elementor-widget-container\">\n\t\t\t\t\t<div class=\"elementor-heading-title elementor-size-default\">Composer and Researcher at University of Arts, Faculty of Music, Belgrade<\/div>\t\t\t\t<\/div>\n\t\t\t\t<\/div>\n\t\t\t\t<section class=\"elementor-section elementor-inner-section elementor-element elementor-element-aa62df0 elementor-section-boxed elementor-section-height-default elementor-section-height-default\" data-id=\"aa62df0\" data-element_type=\"section\">\n\t\t\t\t\t\t<div class=\"elementor-container elementor-column-gap-default\">\n\t\t\t\t\t<div class=\"elementor-column elementor-col-50 elementor-inner-column elementor-element elementor-element-582e321\" data-id=\"582e321\" data-element_type=\"column\">\n\t\t\t<div class=\"elementor-widget-wrap elementor-element-populated\">\n\t\t\t\t\t\t<div class=\"elementor-element elementor-element-6637023 elementor-widget elementor-widget-text-editor\" data-id=\"6637023\" data-element_type=\"widget\" data-widget_type=\"text-editor.default\">\n\t\t\t\t<div class=\"elementor-widget-container\">\n\t\t\t\t\t\t\t\t\t<p>Vladica Miki\u0107evi\u0107 (1994) is currently as student of PhD (DMA) studies at the Department of Composition in the Faculty of Music in Belgrade in the class of Prof. Tatjana Milo\u0161evi\u0107 Mijanovi\u0107, as well as a researcher at the same department at the University of Arts in Belgrade.<\/p><p>She participated in numerous national and international competitions, where she obtained numerous prizes, such are two laureates at the composer\u2019s competition for the best piano work (Smederevo 2016 and 2017) as well as three-second awards at the piano competition (Ni\u0161 2015, 2016, Novi Sad 2017).<\/p><p>Miki\u0107evi\u0107 participated at the Workshop for New music organized by famous pianist of contemporary music, prof. Branka Parli\u0107. She cooperated with professor Yinam Leef (who is currently holding the position of Jerusalim academy dean).<\/p><p>Her compositions are being performed at numerous festivals and concerts, such are KoMA (Concert of Young Authors, Belgrade 2015, 2016, 2017, 2018, 2019); FESTUM (Festival of University students of Arts, Belgrade 2014, 2015, 2016, 2017, 2019); KozArs (Gradi\u0161ka 2017); Summer Art Academy (Belgrade 2016); Concert at King Petar\u2019s House (Belgrade 2015), Scent of creation (Belgrade 2017, Banja Luka 2018), Impuls Academy (Graz, 2019), F\u00eate de la musique (Banja Luka, 2019) etc.<\/p><p>Miki\u0107evi\u0107 was also a finalist of the international composer\u2019s competition dedicated to Anton\u00edn Dvo\u0159\u00e1k for two times (IADCC, Prague 2016, 2017). She was also a part of Composers + Summer Academy (Lithuania, 2018), 22. Percussion Workshop Symposium Trstenice (Czech republic, Trstenice, 2018), Impuls Academy (Graz, 2019) and Workshop of 50th Biennale Zagreb.<\/p><p>She colaborated with professors: Mark Andre, Isabel Mundry, Ivo Medek, Pierluigi Billone, David Rosenboom, Dmitry Kourlandski, Jorge Sanchez-Chiong, David Rosenboom, Toma\u0161 Ondru\u0161ek, I Gede Arya Sugiartha, Jeff Beer, Mikolaj Majkusiak, Ruta Vitkauskaite, Vanessa Lann.<\/p><p>She was a contributor to paper \u201cEscalator to Parnassus\u201d, which was presented at the conference \u201cModus-Modi-Modality\u201d in Nicosia, Cyprus in September 2017, which researches possible influences of Ancient Greek and Byzantine music on Serbian composers of 20th and 21st century.<\/p><p>She writes music for theatre and she is a member of Serbian Composer\u2019s Association, SOKOJ (Organisation Of Music Authors Of Serbia), MOTO (Music opera theater organization)<\/p>\t\t\t\t\t\t\t\t<\/div>\n\t\t\t\t<\/div>\n\t\t\t\t\t<\/div>\n\t\t<\/div>\n\t\t\t\t<div class=\"elementor-column elementor-col-50 elementor-inner-column elementor-element elementor-element-079b390\" data-id=\"079b390\" data-element_type=\"column\">\n\t\t\t<div class=\"elementor-widget-wrap elementor-element-populated\">\n\t\t\t\t\t\t<div class=\"elementor-element elementor-element-603c0c8 elementor-widget elementor-widget-text-editor\" data-id=\"603c0c8\" data-element_type=\"widget\" data-widget_type=\"text-editor.default\">\n\t\t\t\t<div class=\"elementor-widget-container\">\n\t\t\t\t\t\t\t\t\t<p>Muzi\u010dko obrazovanje zapo\u010dinje sa 8 godina u Osnovnoj muzi\u010dkoj \u0161koli ,,Kosta Manojlovi\u0107\u201d u Zemunu gde zavr\u0161ava klavirski odsek. Srednju muzi\u010dku \u0161kolu ,,Mokranjac\u201d u Beogradu upisuje 2009. godina, kao \u0111ak teoretskog odseka. Tokom srednje muzi\u010dke \u0161kole poha\u0111a i Osnovnu muzi\u010dku \u0161kolu ,, Mokranjac\u201d, odsek za solo pevanje, koju je zavr\u0161ila 2011. godine. <br \/>Nakon zavr\u0161etka SM\u0160, upisuje Osnovne studije Muzi\u010dke pedagogije 2013. god. i Osnovne studije Kompozicije 2014. god. u klasi red. prof. Tatjane Milo\u0161evi\u0107 Mijanovi\u0107 na Fakultetu muzi\u010dke umetnosti u Beogradu. Diplomirala je na oba odseka 2018. i iste godine upisala Master studije na dva odseka- Muzi\u010dkoj pedagogiji i Kompoziciji. <br \/>2020. i 2021. je masterirala na oba odseka sa najvi\u0161im ocenama i pohvalama pod mentorstvima red. prof. Vesne Kr\u0161i\u0107 Sekuli\u0107 i Tatjane Milo\u0161evi\u0107 Mijanovi\u0107. <br \/>Master studije kompozicije je zavr\u0161ila sa prose\u010dnom ocenom 10,00.<br \/>Doktorske studije kompozicije upisuje 2020. godine u klasi red. prof. Tatjane Milo\u0161evi\u0107 Mijanovi\u0107. Trenutno je studentkinja tre\u0107e godine Doktorskih studija kompozicije.<\/p><p>Od 2021. je zaposlena na Fakultetu muzi\u010dke umetnosti u Beogradu, na katedri za Kompoziciju kao istra\u017eiva\u010d-pripravnik obavljaju\u0107i du\u017enost asistenta na predmetima Muzi\u010dka analiza 1,2,3.<\/p><p>Bila je u\u010desnica ve\u0107eg broja me\u0111unarodnih takmi\u010denja i simpozijuma medju kojima se izdvajaju: <br \/>Letnja umetni\u010dka \u0161kola (Beograd, 2016); dva puta finalista internacionalnog takmi\u010denje kompozitora u \u010dast Antonjina Dvor\u017eaka IADCC (\u010ce\u0161ka republika, 2016, 2017); Composers+ Summer Academy (Litvanija, 2018), 22. Percussion Workshop Symposium Trstenice (\u010ce\u0161ka republika, 2018), IMPULS Academy (Austrija, 2019), Knapanje u okviru 50. Zagreba\u010dkog Bijenala (Zagreb, 2019), Heartefakt radionica (Beograd, 2019), reMusik (Sankt peterburg, 2020). Bila je u\u010desnica radionice Izvo\u0111a\u010dka praksa za novu muziku u saradnji sa prof. Brankom Parli\u0107 (Novi Sad, 2017).<\/p><p>Ostvarila je saradnju sa renomiranim profesorima i kompozitorima kao \u0161to su: Mark Andre, Isabela Mundry, Ivo Medek, Dmitry Kourlandski, Jorge Sanchez-Chiong, David Rosenboom, Toma\u0161 Ondru\u0161ek, I Gede Arya Sugiartha, Jeff Beer, Mikolaj Majkusiak, Ruta Vitkauskaite, Vanessa Lann, Joanna Bailie, Yuri Kasparov.<\/p><p>Na polju primenjene muzike sara\u0111ivala je sa Fakultetom dramskih umetnosti kao kompozitor saradnik na dva filmska ostvarenja; pisala muziku sa kratki balet Eros i Psiha; sara\u0111ivala sa zaje\u010darskim pozori\u0161tem i renomiranim \u010de\u0161kim pozori\u0161tem u Beogradu pri ambasadi \u010de\u0161ke republike u Beogradu gde je kao stalni kompozitor u\u010destvovala na svim projektima od 2018. godine.<br \/>Inicirala je projekat Miris stavranja 1 i 2 \u010dija je ideja ujedinjenje i promocija muzike mladih kompozitora iz Srbije i Republike Srpske, a koji se realizovao 2017. i 2018. godine u Beogradu i Banjoj Luci.<\/p><p>2017. godine je bila jedan od tri u\u010desnika koji su pisali rad Escalator to Parnassus kojim je prikazan uticaj starogr\u010dke i vizantijske muzike na stvarala\u0161tvo srpskih kompozitora XX i XXI veka, predstavljenog na kongresu muzikologa i kompozitora Modus, Modi, Modality (Nikozija, Kipar, 2017). Rad je objavljen u \u010dasopisu Musicologica Balcanica 2023. godine.<\/p><p>Nastupa kao izvo\u0111a\u010d, pijanista i dirigent izvode\u0107i svoja dela.<br \/>\u010clanica je, UKS-a i SOKOJ-a i MOTO- a (muzi\u010dko opersko teatarska organizacija).<\/p>\t\t\t\t\t\t\t\t<\/div>\n\t\t\t\t<\/div>\n\t\t\t\t\t<\/div>\n\t\t<\/div>\n\t\t\t\t\t<\/div>\n\t\t<\/section>\n\t\t\t\t<div class=\"elementor-element elementor-element-cf26559 elementor-widget-divider--view-line elementor-widget elementor-widget-divider\" data-id=\"cf26559\" data-element_type=\"widget\" data-widget_type=\"divider.default\">\n\t\t\t\t<div class=\"elementor-widget-container\">\n\t\t\t\t\t\t\t<div class=\"elementor-divider\">\n\t\t\t<span class=\"elementor-divider-separator\">\n\t\t\t\t\t\t<\/span>\n\t\t<\/div>\n\t\t\t\t\t\t<\/div>\n\t\t\t\t<\/div>\n\t\t\t\t<div class=\"elementor-element elementor-element-1eef7f6 elementor-widget elementor-widget-heading\" data-id=\"1eef7f6\" data-element_type=\"widget\" data-widget_type=\"heading.default\">\n\t\t\t\t<div class=\"elementor-widget-container\">\n\t\t\t\t\t<h6 class=\"elementor-heading-title elementor-size-default\">Awards &amp; Recognition<\/h6>\t\t\t\t<\/div>\n\t\t\t\t<\/div>\n\t\t\t\t<div class=\"elementor-element elementor-element-05f5501 elementor-widget elementor-widget-image-carousel\" data-id=\"05f5501\" data-element_type=\"widget\" data-settings=\"{&quot;slides_to_show&quot;:&quot;1&quot;,&quot;navigation&quot;:&quot;none&quot;,&quot;slides_to_show_tablet&quot;:&quot;3&quot;,&quot;slides_to_show_mobile&quot;:&quot;1&quot;,&quot;autoplay&quot;:&quot;yes&quot;,&quot;pause_on_hover&quot;:&quot;yes&quot;,&quot;pause_on_interaction&quot;:&quot;yes&quot;,&quot;autoplay_speed&quot;:5000,&quot;infinite&quot;:&quot;yes&quot;,&quot;effect&quot;:&quot;slide&quot;,&quot;speed&quot;:500,&quot;image_spacing_custom_tablet&quot;:{&quot;unit&quot;:&quot;px&quot;,&quot;size&quot;:&quot;&quot;,&quot;sizes&quot;:[]}}\" data-widget_type=\"image-carousel.default\">\n\t\t\t\t<div class=\"elementor-widget-container\">\n\t\t\t\t\t\t\t<div class=\"elementor-image-carousel-wrapper swiper\" role=\"region\" aria-roledescription=\"carousel\" aria-label=\"Image Carousel\" dir=\"ltr\">\n\t\t\t<div class=\"elementor-image-carousel swiper-wrapper\" aria-live=\"off\">\n\t\t\t\t\t\t\t\t<div class=\"swiper-slide\" role=\"group\" aria-roledescription=\"slide\" aria-label=\"1 of 1\"><figure class=\"swiper-slide-inner\"><img decoding=\"async\" class=\"swiper-slide-image\" src=\"https:\/\/vladicamikicevic.com\/wp-content\/uploads\/2023\/03\/Composer.jpg\" alt=\"Composer\" \/><\/figure><\/div>\t\t\t<\/div>\n\t\t\t\t\t<\/div>\n\t\t\t\t\t\t<\/div>\n\t\t\t\t<\/div>\n\t\t\t\t<div class=\"elementor-element elementor-element-ab0470a elementor-widget elementor-widget-text-editor\" data-id=\"ab0470a\" data-element_type=\"widget\" data-widget_type=\"text-editor.default\">\n\t\t\t\t<div class=\"elementor-widget-container\">\n\t\t\t\t\t\t\t\t\t<p>Vladica is the winner of several awards at international composer and pianist competitions:<\/p><ul><li>two 1st prizes for the best piano composition (Smederevo 2016, 2017);<\/li><li>best original composition (International Student Competition Nis, 2017);<\/li><li>2nd prize for original composition (Festival Isidor Baji\u0107, Novi Sad, 2017),<\/li><li>three second prizes at student competitions in comparative piano (Ni\u0161 2015, 2016, Novi Sad 2017).<\/li><\/ul>\t\t\t\t\t\t\t\t<\/div>\n\t\t\t\t<\/div>\n\t\t\t\t<div class=\"elementor-element elementor-element-629c8d3 elementor-widget-divider--view-line elementor-widget elementor-widget-divider\" data-id=\"629c8d3\" data-element_type=\"widget\" data-widget_type=\"divider.default\">\n\t\t\t\t<div class=\"elementor-widget-container\">\n\t\t\t\t\t\t\t<div class=\"elementor-divider\">\n\t\t\t<span class=\"elementor-divider-separator\">\n\t\t\t\t\t\t<\/span>\n\t\t<\/div>\n\t\t\t\t\t\t<\/div>\n\t\t\t\t<\/div>\n\t\t\t\t\t<\/div>\n\t\t<\/div>\n\t\t\t\t\t<\/div>\n\t\t<\/section>\n\t\t\t\t<section class=\"elementor-section elementor-top-section elementor-element elementor-element-23cfaa0 elementor-section-boxed elementor-section-height-default elementor-section-height-default\" data-id=\"23cfaa0\" data-element_type=\"section\" data-settings=\"{&quot;background_background&quot;:&quot;classic&quot;}\">\n\t\t\t\t\t\t\t<div class=\"elementor-background-overlay\"><\/div>\n\t\t\t\t\t\t\t<div class=\"elementor-container elementor-column-gap-no\">\n\t\t\t\t\t<div class=\"elementor-column elementor-col-100 elementor-top-column elementor-element elementor-element-874be7c\" data-id=\"874be7c\" data-element_type=\"column\">\n\t\t\t<div class=\"elementor-widget-wrap elementor-element-populated\">\n\t\t\t\t\t\t<div class=\"elementor-element elementor-element-03975d3 elementor-position-left elementor-vertical-align-middle elementor-widget elementor-widget-image-box\" data-id=\"03975d3\" data-element_type=\"widget\" data-widget_type=\"image-box.default\">\n\t\t\t\t<div class=\"elementor-widget-container\">\n\t\t\t\t\t<div class=\"elementor-image-box-wrapper\"><figure class=\"elementor-image-box-img\"><img decoding=\"async\" width=\"1404\" height=\"936\" src=\"https:\/\/vladicamikicevic.com\/wp-content\/uploads\/2023\/03\/Vladica-11.jpg\" class=\"attachment-full size-full wp-image-776\" alt=\"\" srcset=\"https:\/\/vladicamikicevic.com\/wp-content\/uploads\/2023\/03\/Vladica-11.jpg 1404w, https:\/\/vladicamikicevic.com\/wp-content\/uploads\/2023\/03\/Vladica-11-300x200.jpg 300w, https:\/\/vladicamikicevic.com\/wp-content\/uploads\/2023\/03\/Vladica-11-1024x683.jpg 1024w, https:\/\/vladicamikicevic.com\/wp-content\/uploads\/2023\/03\/Vladica-11-768x512.jpg 768w\" sizes=\"(max-width: 1404px) 100vw, 1404px\" \/><\/figure><div class=\"elementor-image-box-content\"><div class=\"elementor-image-box-title\">\"I'm composer of contemporary classical music. I'm working at Belgrade's university at Faculty of Music as researcher and composer.\"<\/div><p class=\"elementor-image-box-description\">Vladica Miki\u0107evi\u0107<\/p><\/div><\/div>\t\t\t\t<\/div>\n\t\t\t\t<\/div>\n\t\t\t\t\t<\/div>\n\t\t<\/div>\n\t\t\t\t\t<\/div>\n\t\t<\/section>\n\t\t\t\t<section class=\"elementor-section elementor-top-section elementor-element elementor-element-fbc1de0 elementor-section-full_width elementor-section-height-default elementor-section-height-default\" data-id=\"fbc1de0\" data-element_type=\"section\" data-settings=\"{&quot;background_background&quot;:&quot;classic&quot;}\">\n\t\t\t\t\t\t<div class=\"elementor-container elementor-column-gap-no\">\n\t\t\t\t\t<div class=\"elementor-column elementor-col-100 elementor-top-column elementor-element elementor-element-edb39c3\" data-id=\"edb39c3\" data-element_type=\"column\">\n\t\t\t<div class=\"elementor-widget-wrap\">\n\t\t\t\t\t\t\t<\/div>\n\t\t<\/div>\n\t\t\t\t\t<\/div>\n\t\t<\/section>\n\t\t\t\t<\/div>\n\t\t","protected":false},"excerpt":{"rendered":"<p>Biography Vladica Miki\u0107evi\u0107 Composer and Researcher at University of Arts, Faculty of Music, Belgrade Vladica Miki\u0107evi\u0107 (1994) is currently as student of PhD (DMA) studies at the Department of Composition in the Faculty of Music in Belgrade in the class of Prof. Tatjana Milo\u0161evi\u0107 Mijanovi\u0107, as well as a researcher at the same department at &hellip;<\/p>\n<p class=\"read-more\"> <a class=\"\" href=\"https:\/\/vladicamikicevic.com\/?page_id=26\"> <span class=\"screen-reader-text\">Biography<\/span> Read More &raquo;<\/a><\/p>\n","protected":false},"author":1,"featured_media":0,"parent":0,"menu_order":0,"comment_status":"closed","ping_status":"closed","template":"","meta":{"site-sidebar-layout":"no-sidebar","site-content-layout":"page-builder","ast-global-header-display":"","ast-main-header-display":"","ast-hfb-above-header-display":"","ast-hfb-below-header-display":"","ast-hfb-mobile-header-display":"","site-post-title":"disabled","ast-breadcrumbs-content":"disabled","ast-featured-img":"disabled","footer-sml-layout":"","theme-transparent-header-meta":"enabled","adv-header-id-meta":"","stick-header-meta":"","header-above-stick-meta":"","header-main-stick-meta":"","header-below-stick-meta":"","footnotes":""},"class_list":["post-26","page","type-page","status-publish","hentry"],"_links":{"self":[{"href":"https:\/\/vladicamikicevic.com\/index.php?rest_route=\/wp\/v2\/pages\/26","targetHints":{"allow":["GET"]}}],"collection":[{"href":"https:\/\/vladicamikicevic.com\/index.php?rest_route=\/wp\/v2\/pages"}],"about":[{"href":"https:\/\/vladicamikicevic.com\/index.php?rest_route=\/wp\/v2\/types\/page"}],"author":[{"embeddable":true,"href":"https:\/\/vladicamikicevic.com\/index.php?rest_route=\/wp\/v2\/users\/1"}],"replies":[{"embeddable":true,"href":"https:\/\/vladicamikicevic.com\/index.php?rest_route=%2Fwp%2Fv2%2Fcomments&post=26"}],"version-history":[{"count":60,"href":"https:\/\/vladicamikicevic.com\/index.php?rest_route=\/wp\/v2\/pages\/26\/revisions"}],"predecessor-version":[{"id":1355,"href":"https:\/\/vladicamikicevic.com\/index.php?rest_route=\/wp\/v2\/pages\/26\/revisions\/1355"}],"wp:attachment":[{"href":"https:\/\/vladicamikicevic.com\/index.php?rest_route=%2Fwp%2Fv2%2Fmedia&parent=26"}],"curies":[{"name":"wp","href":"https:\/\/api.w.org\/{rel}","templated":true}]}}